{"id":3870,"date":"2022-12-31T10:17:51","date_gmt":"2022-12-31T14:17:51","guid":{"rendered":"https:\/\/gadpueblonuevo.gob.ec\/manabi\/?page_id=3870"},"modified":"2024-06-20T16:21:47","modified_gmt":"2024-06-20T20:21:47","slug":"rendicion-de-cuentas-2023","status":"publish","type":"page","link":"https:\/\/gadpueblonuevo.gob.ec\/manabi\/rendicion-de-cuentas-2023\/","title":{"rendered":"Rendici\u00f3n de Cuentas 2023"},"content":{"rendered":"<p><a href=\"https:\/\/gadpueblonuevo.gob.ec\/manabi\/rendicion-de-cuentas-2024\/proceso-presupuesto-participativo-2023\/\" rel=\"attachment wp-att-4863\">PROCESO PRESUPUESTO PARTICIPATIVO 2023<\/a><\/p>\n<p><a href=\"https:\/\/gadpueblonuevo.gob.ec\/manabi\/rendicion-de-cuentas-2023\/consejo-de-planificacion-parroquial\/\" rel=\"attachment wp-att-4871\">CONSEJO DE PLANIFICACI\u00d3N PARROQUIAL<\/a><\/p>\n<p><a href=\"https:\/\/gadpueblonuevo.gob.ec\/manabi\/rendicion-de-cuentas-2023\/organizacion-y-facilitacion-del-proceso-de-rendicion-de-cuentas-2023\/\" rel=\"attachment wp-att-4881\">ORGANIZACI\u00d3N Y FACILITACI\u00d3N DEL PROCESO DE RENDICI\u00d3N DE CUENTAS 2023<\/a><\/p>\n<p><a href=\"https:\/\/gadpueblonuevo.gob.ec\/manabi\/rendicion-de-cuentas-2023\/formulario-gad-pueblo-nuevo-rc-2023\/\" rel=\"attachment wp-att-4884\">FORMULARIO GAD PUEBLO NUEVO RC 2023<\/a><\/p>\n<p><a href=\"https:\/\/gadpueblonuevo.gob.ec\/manabi\/rendicion-de-cuentas-2023\/preparacion-consulta-ciudadana-2023\/\" rel=\"attachment wp-att-4877\">PREPARACI\u00d3N CONSULTA CIUDADANA 2023<\/a><\/p>\n<p><a href=\"https:\/\/gadpueblonuevo.gob.ec\/manabi\/rendicion-de-cuentas-2023\/rendicion-de-cuentas-gad-2023-financiero\/\" rel=\"attachment wp-att-4869\">RENDICI\u00d3N DE CUENTAS GAD 2023 FINANCIERO<\/a><\/p>\n<p><a href=\"https:\/\/gadpueblonuevo.gob.ec\/manabi\/rendicion-de-cuentas-2023\/cpccs-respuestas\/\" rel=\"attachment wp-att-4873\">CPCCS RESPUESTAS<\/a><\/p>\n<p><a href=\"https:\/\/gadpueblonuevo.gob.ec\/manabi\/rendicion-de-cuentas-2023\/gestiones-2023\/\" rel=\"attachment wp-att-4874\">GESTIONES 2023<\/a><\/p>\n<p><a href=\"https:\/\/gadpueblonuevo.gob.ec\/manabi\/rendicion-de-cuentas-2023\/deliberacion-publica-2023\/\" rel=\"attachment wp-att-4880\">DELIBERACI\u00d3N PUBLICA 2023<\/a><\/p>\n<p><a href=\"https:\/\/gadpueblonuevo.gob.ec\/manabi\/rendicion-de-cuentas-2023\/actas-de-recomendaciones-de-las-mesas-tematicas-2\/\" rel=\"attachment wp-att-4886\">ACTAS DE RECOMENDACIONES DE LAS MESAS TEM\u00c1TICAS<\/a><\/p>\n","protected":false},"excerpt":{"rendered":"<p>PROCESO PRESUPUESTO PARTICIPATIVO 2023 CONSEJO DE PLANIFICACI\u00d3N PARROQUIAL ORGANIZACI\u00d3N Y FACILITACI\u00d3N DEL PROCESO DE RENDICI\u00d3N DE CUENTAS 2023 FORMULARIO GAD PUEBLO NUEVO RC 2023 PREPARACI\u00d3N CONSULTA CIUDADANA 2023 RENDICI\u00d3N DE CUENTAS GAD 2023 FINANCIERO CPCCS RESPUESTAS GESTIONES 2023 DELIBERACI\u00d3N PUBLICA 2023 ACTAS DE RECOMENDACIONES DE LAS MESAS TEM\u00c1TICAS<\/p>\n","protected":false},"author":4,"featured_media":0,"parent":0,"menu_order":0,"comment_status":"closed","ping_status":"closed","template":"","meta":{"footnotes":""},"yst_prominent_words":[143,108,142,140],"class_list":["post-3870","page","type-page","status-publish","hentry"],"_links":{"self":[{"href":"https:\/\/gadpueblonuevo.gob.ec\/manabi\/wp-json\/wp\/v2\/pages\/3870","targetHints":{"allow":["GET"]}}],"collection":[{"href":"https:\/\/gadpueblonuevo.gob.ec\/manabi\/wp-json\/wp\/v2\/pages"}],"about":[{"href":"https:\/\/gadpueblonuevo.gob.ec\/manabi\/wp-json\/wp\/v2\/types\/page"}],"author":[{"embeddable":true,"href":"https:\/\/gadpueblonuevo.gob.ec\/manabi\/wp-json\/wp\/v2\/users\/4"}],"replies":[{"embeddable":true,"href":"https:\/\/gadpueblonuevo.gob.ec\/manabi\/wp-json\/wp\/v2\/comments?post=3870"}],"version-history":[{"count":13,"href":"https:\/\/gadpueblonuevo.gob.ec\/manabi\/wp-json\/wp\/v2\/pages\/3870\/revisions"}],"predecessor-version":[{"id":4887,"href":"https:\/\/gadpueblonuevo.gob.ec\/manabi\/wp-json\/wp\/v2\/pages\/3870\/revisions\/4887"}],"wp:attachment":[{"href":"https:\/\/gadpueblonuevo.gob.ec\/manabi\/wp-json\/wp\/v2\/media?parent=3870"}],"wp:term":[{"taxonomy":"yst_prominent_words","embeddable":true,"href":"https:\/\/gadpueblonuevo.gob.ec\/manabi\/wp-json\/wp\/v2\/yst_prominent_words?post=3870"}],"curies":[{"name":"wp","href":"https:\/\/api.w.org\/{rel}","templated":true}]}}