{"id":3525,"date":"2022-03-25T11:46:39","date_gmt":"2022-03-25T15:46:39","guid":{"rendered":"https:\/\/gadpueblonuevo.gob.ec\/manabi\/?page_id=3525"},"modified":"2026-02-09T16:16:44","modified_gmt":"2026-02-09T20:16:44","slug":"certificados-de-cumplimiento-lotaip","status":"publish","type":"page","link":"https:\/\/gadpueblonuevo.gob.ec\/manabi\/certificados-de-cumplimiento-lotaip\/","title":{"rendered":"Certificados de cumplimiento LOTAIP"},"content":{"rendered":"<p><a href=\"https:\/\/gadpueblonuevo.gob.ec\/manabi\/reporte-de-rendicion-de-cuentas\/certificado-1\/\" rel=\"attachment wp-att-3875\">certificado-1<\/a><\/p>\n<p><a href=\"https:\/\/gadpueblonuevo.gob.ec\/manabi\/reporte-de-rendicion-de-cuentas\/certificadoliterala-1\/\" rel=\"attachment wp-att-3876\">certificadoLiteralA-1<\/a><\/p>\n<p><a href=\"https:\/\/gadpueblonuevo.gob.ec\/manabi\/certificados-de-cumplimiento-lotaip\/certificado-1-ano-2022\/\" rel=\"attachment wp-att-4322\">certificado-1 A\u00d1O 2022<\/a><\/p>\n<p><a href=\"https:\/\/gadpueblonuevo.gob.ec\/manabi\/certificados-de-cumplimiento-lotaip\/certificado-4\/\" rel=\"attachment wp-att-4773\">certificado-4 A\u00d1O 2023<\/a><\/p>\n<p><a href=\"https:\/\/gadpueblonuevo.gob.ec\/manabi\/certificados-de-cumplimiento-lotaip\/reporte_anual_2024_30-01-2025\/\" rel=\"attachment wp-att-5110\">Reporte_anual_2024_30-01-2025<\/a><\/p>\n<p><a href=\"https:\/\/gadpueblonuevo.gob.ec\/manabi\/certificados-de-cumplimiento-lotaip\/gobierno-autonomo-descentralizado-parroquial-de-pueblo-nuevo-informe-anual-2024\/\" rel=\"attachment wp-att-5320\">GOBIERNO AUT\u00d3NOMO DESCENTRALIZADO PARROQUIAL DE PUEBLO NUEVO &#8211; Informe Anual 2024<\/a><\/p>\n<p><a href=\"https:\/\/gadpueblonuevo.gob.ec\/manabi\/certificados-de-cumplimiento-lotaip\/gobierno-autonomo-descentralizado-de-la-parroquia-rural-de-pueblo-nuevo-informe-anual-2025\/\" rel=\"attachment wp-att-5468\">GOBIERNO AUT\u00d3NOMO DESCENTRALIZADO DE LA PARROQUIA RURAL DE PUEBLO NUEVO &#8211; Informe Anual 2025<\/a><\/p>\n","protected":false},"excerpt":{"rendered":"<p>certificado-1 certificadoLiteralA-1 certificado-1 A\u00d1O 2022 certificado-4 A\u00d1O 2023 Reporte_anual_2024_30-01-2025 GOBIERNO AUT\u00d3NOMO DESCENTRALIZADO PARROQUIAL DE PUEBLO NUEVO &#8211; Informe Anual 2024 GOBIERNO AUT\u00d3NOMO DESCENTRALIZADO DE LA PARROQUIA RURAL DE PUEBLO NUEVO &#8211; Informe Anual 2025<\/p>\n","protected":false},"author":4,"featured_media":0,"parent":0,"menu_order":0,"comment_status":"closed","ping_status":"closed","template":"","meta":{"footnotes":""},"yst_prominent_words":[],"class_list":["post-3525","page","type-page","status-publish","hentry"],"_links":{"self":[{"href":"https:\/\/gadpueblonuevo.gob.ec\/manabi\/wp-json\/wp\/v2\/pages\/3525","targetHints":{"allow":["GET"]}}],"collection":[{"href":"https:\/\/gadpueblonuevo.gob.ec\/manabi\/wp-json\/wp\/v2\/pages"}],"about":[{"href":"https:\/\/gadpueblonuevo.gob.ec\/manabi\/wp-json\/wp\/v2\/types\/page"}],"author":[{"embeddable":true,"href":"https:\/\/gadpueblonuevo.gob.ec\/manabi\/wp-json\/wp\/v2\/users\/4"}],"replies":[{"embeddable":true,"href":"https:\/\/gadpueblonuevo.gob.ec\/manabi\/wp-json\/wp\/v2\/comments?post=3525"}],"version-history":[{"count":9,"href":"https:\/\/gadpueblonuevo.gob.ec\/manabi\/wp-json\/wp\/v2\/pages\/3525\/revisions"}],"predecessor-version":[{"id":5469,"href":"https:\/\/gadpueblonuevo.gob.ec\/manabi\/wp-json\/wp\/v2\/pages\/3525\/revisions\/5469"}],"wp:attachment":[{"href":"https:\/\/gadpueblonuevo.gob.ec\/manabi\/wp-json\/wp\/v2\/media?parent=3525"}],"wp:term":[{"taxonomy":"yst_prominent_words","embeddable":true,"href":"https:\/\/gadpueblonuevo.gob.ec\/manabi\/wp-json\/wp\/v2\/yst_prominent_words?post=3525"}],"curies":[{"name":"wp","href":"https:\/\/api.w.org\/{rel}","templated":true}]}}