{"id":3523,"date":"2022-03-25T11:46:13","date_gmt":"2022-03-25T15:46:13","guid":{"rendered":"https:\/\/gadpueblonuevo.gob.ec\/manabi\/?page_id=3523"},"modified":"2024-01-10T12:40:56","modified_gmt":"2024-01-10T16:40:56","slug":"normativa-leyes-y-reglamentos","status":"publish","type":"page","link":"https:\/\/gadpueblonuevo.gob.ec\/manabi\/normativa-leyes-y-reglamentos\/","title":{"rendered":"Normativa Leyes y Reglamentos"},"content":{"rendered":"<p><a href=\"https:\/\/gadpueblonuevo.gob.ec\/manabi\/normativa-leyes-y-reglamentos\/constitucion-de-la-republica-del-ecuador\/\" rel=\"attachment wp-att-3993\">CONSTITUCION DE LA REPUBLICA DEL ECUADOR<\/a><\/p>\n<p><a href=\"https:\/\/gadpueblonuevo.gob.ec\/manabi\/normativa-leyes-y-reglamentos\/erjafe\/\" rel=\"attachment wp-att-3991\">ERJAFE<\/a><\/p>\n<p><a href=\"https:\/\/gadpueblonuevo.gob.ec\/manabi\/normativa-leyes-y-reglamentos\/reglamento-ley-de-garantia-jurisdiccionales\/\" rel=\"attachment wp-att-3989\">REGLAMENTO LEY DE GARANTIA JURISDICCIONALES<\/a><\/p>\n<p><a href=\"https:\/\/gadpueblonuevo.gob.ec\/manabi\/normativa-leyes-y-reglamentos\/reglamento-losncp\/\" rel=\"attachment wp-att-3987\">REGLAMENTO LOSNCP<\/a><\/p>\n<p><a href=\"https:\/\/gadpueblonuevo.gob.ec\/manabi\/normativa-leyes-y-reglamentos\/reg_lotaip\/\" rel=\"attachment wp-att-3986\">REG_LOTAIP<\/a><\/p>\n<p><a href=\"https:\/\/gadpueblonuevo.gob.ec\/manabi\/normativa-leyes-y-reglamentos\/ley-de-seguridad-publica-y-del-estado\/\" rel=\"attachment wp-att-3984\">LEY DE SEGURIDAD PUBLICA Y DEL ESTADO<\/a><\/p>\n<p><a href=\"https:\/\/gadpueblonuevo.gob.ec\/manabi\/normativa-leyes-y-reglamentos\/ley-organica-de-participacion-ciudadana\/\" rel=\"attachment wp-att-4600\">LEY ORG\u00c1NICA DE PARTICIPACI\u00d3N CIUDADANA<\/a><\/p>\n<p><a href=\"https:\/\/gadpueblonuevo.gob.ec\/manabi\/normativa-leyes-y-reglamentos\/ley-organica-del-consejo-de-participacion-ciudadana-y-control-social\/\" rel=\"attachment wp-att-4601\">LEY ORG\u00c1NICA DEL CONSEJO DE PARTICIPACI\u00d3N CIUDADANA Y CONTROL SOCIAL<\/a><\/p>\n<p><a href=\"https:\/\/gadpueblonuevo.gob.ec\/manabi\/normativa-leyes-y-reglamentos\/ley-organica-de-la-contraloria-del-estado\/\" rel=\"attachment wp-att-3981\">LEY ORGANICA DE LA CONTRALORIA DEL ESTADO<\/a><\/p>\n<p><a href=\"https:\/\/gadpueblonuevo.gob.ec\/manabi\/normativa-leyes-y-reglamentos\/losep\/\" rel=\"attachment wp-att-3979\">LOSEP<\/a><\/p>\n<p><a href=\"https:\/\/gadpueblonuevo.gob.ec\/manabi\/normativa-leyes-y-reglamentos\/ley-organica-de-cosnejos-nacionales\/\" rel=\"attachment wp-att-4597\">LEY ORGANICA DE COSNEJOS NACIONALES<\/a><\/p>\n<p><a href=\"https:\/\/gadpueblonuevo.gob.ec\/manabi\/normativa-leyes-y-reglamentos\/ley-organica-de-tierras-rurales-y-territorios-ancestrales\/\" rel=\"attachment wp-att-4593\">LEY ORG\u00c1NICA DE TIERRAS RURALES Y TERRITORIOS ANCESTRALES<\/a><\/p>\n<p><a href=\"https:\/\/gadpueblonuevo.gob.ec\/manabi\/normativa-leyes-y-reglamentos\/ley-organica-de-la-funcion-de-transparencia-y-control-social\/\" rel=\"attachment wp-att-4598\">LEY ORGANICA DE LA FUNCI\u00d3N DE TRANSPARENCIA Y CONTROL SOCIAL<\/a><\/p>\n<p><a href=\"https:\/\/gadpueblonuevo.gob.ec\/manabi\/normativa-leyes-y-reglamentos\/ley-organica-de-ordenamiento-territorial-uso-y-gestion-de-suelo\/\" rel=\"attachment wp-att-4591\">LEY ORG\u00c1NICA DE ORDENAMIENTO TERRITORIAL, USO Y GESTI\u00d3N DE SUELO<\/a><\/p>\n<p><a href=\"https:\/\/gadpueblonuevo.gob.ec\/manabi\/normativa-leyes-y-reglamentos\/ley-organica-de-movilidad-humana\/\" rel=\"attachment wp-att-4589\">LEY ORG\u00c1NICA DE MOVILIDAD HUMANA<\/a><\/p>\n<p><a href=\"https:\/\/gadpueblonuevo.gob.ec\/manabi\/normativa-leyes-y-reglamentos\/ley-organica-de-eficiencia-de-la-contratacion-publica\/\" rel=\"attachment wp-att-4587\">LEY-ORGANICA-DE-EFICIENCIA-DE-LA-CONTRATACION-PUBLICA<\/a><\/p>\n<p><a href=\"https:\/\/gadpueblonuevo.gob.ec\/manabi\/normativa-leyes-y-reglamentos\/ley_organica_de_recursos_hidricos__usos_\/\" rel=\"attachment wp-att-4595\">LEY_ORG\u00c1NICA_DE_RECURSOS_H\u00cdDRICOS__USOS_<\/a><\/p>\n<p><a href=\"https:\/\/gadpueblonuevo.gob.ec\/manabi\/normativa-leyes-y-reglamentos\/ley-organica-de-garantias-jurisdiccionales-y-control-constitucional\/\" rel=\"attachment wp-att-3977\">LEY ORGANICA DE GARANTIAS JURISDICCIONALES Y CONTROL CONSTITUCIONAL<\/a><\/p>\n<p><a href=\"https:\/\/gadpueblonuevo.gob.ec\/manabi\/normativa-leyes-y-reglamentos\/lotaip-2\/\" rel=\"attachment wp-att-3974\">LOTAIP<\/a><\/p>\n<p><a href=\"https:\/\/gadpueblonuevo.gob.ec\/manabi\/normativa-leyes-y-reglamentos\/codigo-organico-administrativo\/\" rel=\"attachment wp-att-3972\">C\u00d3DIGO ORG\u00c1NICO ADMINISTRATIVO<\/a><\/p>\n<p><a href=\"https:\/\/gadpueblonuevo.gob.ec\/manabi\/normativa-leyes-y-reglamentos\/codigo-organico-general-de-procesos\/\" rel=\"attachment wp-att-4582\">C\u00d3DIGO ORG\u00c1NICO GENERAL DE PROCESOS<\/a><\/p>\n<p><a href=\"https:\/\/gadpueblonuevo.gob.ec\/manabi\/normativa-leyes-y-reglamentos\/8_codigo-de-planificacion-y-finanzas-publicas\/\" rel=\"attachment wp-att-4584\">C\u00f3digo de Planificaci\u00f3n y Finanzas P\u00fablicas<\/a><\/p>\n<p><a href=\"https:\/\/gadpueblonuevo.gob.ec\/manabi\/normativa-leyes-y-reglamentos\/codigo-de-trabajo\/\" rel=\"attachment wp-att-3970\">C\u00f3digo de trabajo<\/a><\/p>\n<p><a href=\"https:\/\/gadpueblonuevo.gob.ec\/manabi\/normativa-leyes-y-reglamentos\/12_cootad-actualizado-a-2023\/\" rel=\"attachment wp-att-4585\">COOTAD (actualizado a 2023)<\/a><\/p>\n<p><a href=\"https:\/\/gadpueblonuevo.gob.ec\/manabi\/normativa-leyes-y-reglamentos\/losncp\/\" rel=\"attachment wp-att-3886\">LOSNCP<\/a><\/p>\n<p><a href=\"https:\/\/gadpueblonuevo.gob.ec\/manabi\/normativa-leyes-y-reglamentos\/reglamento_2023\/\" rel=\"attachment wp-att-3887\">reglamento LOSNCP_2023<\/a><\/p>\n<p><a href=\"https:\/\/gadpueblonuevo.gob.ec\/manabi\/normativa-leyes-y-reglamentos\/reglamento-general-sustitutivo-para-la-administracion-manejo-y-control-de-los-bienes-e-inventarios-del-sector-publico\/\" rel=\"attachment wp-att-4604\">REGLAMENTO GENERAL SUSTITUTIVO PARA LA ADMINISTRACI\u00d3N, MANEJO Y CONTROL DE LOS BIENES E INVENTARIOS DEL SECTOR P\u00daBLICO<\/a><\/p>\n<p><a href=\"https:\/\/gadpueblonuevo.gob.ec\/manabi\/normativa-leyes-y-reglamentos\/reglamento-general-a-la-ley-organica-para-la-optimizacion-y-eficiencia-de-tramites\/\" rel=\"attachment wp-att-4606\">REGLAMENTO GENERAL A LA LEY ORG\u00c1NICA PARA LA OPTIMIZACI\u00d3N Y EFICIENCIA DE TR\u00c1MITES<\/a><\/p>\n<p><a href=\"https:\/\/gadpueblonuevo.gob.ec\/manabi\/normativa-leyes-y-reglamentos\/codigo-de-etica-y-buena-conducta-del-gobierno-autonomo-descentralizado-parroquial-rural-pueblo-nuevo-signed-signed\/\" rel=\"attachment wp-att-3879\">C\u00d3DIGO DE \u00c9TICA Y BUENA CONDUCTA DEL GOBIERNO AUT\u00d3NOMO DESCENTRALIZADO PARROQUIAL RURAL PUEBLO NUEVO.-signed-signed<\/a><\/p>\n<p><a href=\"https:\/\/gadpueblonuevo.gob.ec\/manabi\/normativa-leyes-y-reglamentos\/reglamento-constitutivo-del-consejo-de-planificacion-de-la-parroquia-pueblo-nuevo-signed-signed\/\" rel=\"attachment wp-att-3880\">REGLAMENTO CONSTITUTIVO DEL CONSEJO DE PLANIFICACI\u00d3N DE LA PARROQUIA PUEBLO NUEVO-signed-signed<\/a><\/p>\n<p><a href=\"https:\/\/gadpueblonuevo.gob.ec\/manabi\/normativa-leyes-y-reglamentos\/reglamento-interno-de-funciones-y-las-comisiones-del-gobierno-autonomo-descentralizado-parroquial-rural-pueblo-nuevo-signed-signed-signed-signe\/\" rel=\"attachment wp-att-3881\">REGLAMENTO INTERNO DE FUNCIONES Y LAS COMISIONES DEL GOBIERNO AUT\u00d3NOMO DESCENTRALIZADO PARROQUIAL RURAL PUEBLO NUEVO-signed-signed-signed-signed<\/a><\/p>\n<p><a href=\"https:\/\/gadpueblonuevo.gob.ec\/manabi\/normativa-leyes-y-reglamentos\/reglamento-interno-para-el-manejo-y-administraciaen-de-los-bienes-del-gad-parroquial-rural-pueblo-nuevo-signed-signed\/\" rel=\"attachment wp-att-3882\">REGLAMENTO INTERNO PARA EL MANEJO Y ADMINISTRACI\u00d3N DE LOS BIENES DEL GAD PARROQUIAL RURAL PUEBLO NUEVO-signed-signed<\/a><\/p>\n<p><a href=\"https:\/\/gadpueblonuevo.gob.ec\/manabi\/normativa-leyes-y-reglamentos\/reglamento-organico-funcional-estructural-y-manual-de-funciones-de-procesos-del-gobierno-autonomo-descentralizado-parroquial-rural-de-pueblo-nue\/\" rel=\"attachment wp-att-3883\">REGLAMENTO ORG\u00c1NICO FUNCIONAL ESTRUCTURAL Y MANUAL DE FUNCIONES DE PROCESOS DEL GOBIERNO AUT\u00d3NOMO DESCENTRALIZADO PARROQUIAL RURAL DE PUEBLO NUEVO<\/a><\/p>\n<p><a href=\"https:\/\/gadpueblonuevo.gob.ec\/manabi\/normativa-leyes-y-reglamentos\/resolucion-literal-o\/\" rel=\"attachment wp-att-4411\">RESOLUCI\u00d3N LITERAL O<\/a><\/p>\n","protected":false},"excerpt":{"rendered":"<p>CONSTITUCION DE LA REPUBLICA DEL ECUADOR ERJAFE REGLAMENTO LEY DE GARANTIA JURISDICCIONALES REGLAMENTO LOSNCP REG_LOTAIP LEY DE SEGURIDAD PUBLICA Y DEL ESTADO LEY ORG\u00c1NICA DE PARTICIPACI\u00d3N CIUDADANA LEY ORG\u00c1NICA DEL CONSEJO DE PARTICIPACI\u00d3N CIUDADANA Y CONTROL SOCIAL LEY ORGANICA DE LA CONTRALORIA DEL ESTADO LOSEP LEY ORGANICA DE COSNEJOS NACIONALES LEY ORG\u00c1NICA DE TIERRAS RURALES [&hellip;]<\/p>\n","protected":false},"author":4,"featured_media":0,"parent":0,"menu_order":0,"comment_status":"closed","ping_status":"closed","template":"","meta":{"footnotes":""},"yst_prominent_words":[101],"class_list":["post-3523","page","type-page","status-publish","hentry"],"_links":{"self":[{"href":"https:\/\/gadpueblonuevo.gob.ec\/manabi\/wp-json\/wp\/v2\/pages\/3523","targetHints":{"allow":["GET"]}}],"collection":[{"href":"https:\/\/gadpueblonuevo.gob.ec\/manabi\/wp-json\/wp\/v2\/pages"}],"about":[{"href":"https:\/\/gadpueblonuevo.gob.ec\/manabi\/wp-json\/wp\/v2\/types\/page"}],"author":[{"embeddable":true,"href":"https:\/\/gadpueblonuevo.gob.ec\/manabi\/wp-json\/wp\/v2\/users\/4"}],"replies":[{"embeddable":true,"href":"https:\/\/gadpueblonuevo.gob.ec\/manabi\/wp-json\/wp\/v2\/comments?post=3523"}],"version-history":[{"count":30,"href":"https:\/\/gadpueblonuevo.gob.ec\/manabi\/wp-json\/wp\/v2\/pages\/3523\/revisions"}],"predecessor-version":[{"id":3884,"href":"https:\/\/gadpueblonuevo.gob.ec\/manabi\/wp-json\/wp\/v2\/pages\/3523\/revisions\/3884"}],"wp:attachment":[{"href":"https:\/\/gadpueblonuevo.gob.ec\/manabi\/wp-json\/wp\/v2\/media?parent=3523"}],"wp:term":[{"taxonomy":"yst_prominent_words","embeddable":true,"href":"https:\/\/gadpueblonuevo.gob.ec\/manabi\/wp-json\/wp\/v2\/yst_prominent_words?post=3523"}],"curies":[{"name":"wp","href":"https:\/\/api.w.org\/{rel}","templated":true}]}}