{"id":3161,"date":"2022-01-10T10:17:42","date_gmt":"2022-01-10T14:17:42","guid":{"rendered":"https:\/\/gadpueblonuevo.gob.ec\/manabi\/?page_id=3161"},"modified":"2023-06-21T12:14:18","modified_gmt":"2023-06-21T16:14:18","slug":"rendicion-de-cuentas-2022","status":"publish","type":"page","link":"https:\/\/gadpueblonuevo.gob.ec\/manabi\/rendicion-de-cuentas-2022\/","title":{"rendered":"Rendici\u00f3n de Cuentas 2022"},"content":{"rendered":"<p><a href=\"https:\/\/gadpueblonuevo.gob.ec\/manabi\/rendicion-de-cuentas-2022\/oficio-de-entrega-de-documentos-al-consejo-de-planificacion\/\" rel=\"attachment wp-att-4280\">OFICIO DE ENTREGA DE DOCUMENTOS AL CONSEJO DE PLANIFICACI\u00d3N<\/a><\/p>\n<p><a href=\"https:\/\/gadpueblonuevo.gob.ec\/manabi\/rendicion-de-cuentas-2022\/actas-de-recomendaciones-de-las-mesas-tematicas\/\" rel=\"attachment wp-att-4277\">ACTAS DE RECOMENDACIONES DE LAS MESAS TEMATICAS<\/a><\/p>\n<p><a href=\"https:\/\/gadpueblonuevo.gob.ec\/manabi\/rendicion-de-cuentas-2022\/fotos-evento-de-deliberacion-publica\/\" rel=\"attachment wp-att-4275\">FOTOS EVENTO DE DELIBERACI\u00d3N PUBLICA<\/a><\/p>\n<p><a href=\"https:\/\/gadpueblonuevo.gob.ec\/manabi\/rendicion-de-cuentas-2022\/convocatoria-y-asistencia-al-evento-de-rendicion-de-cuentas\/\" rel=\"attachment wp-att-4274\">CONVOCATORIA Y ASISTENCIA AL EVENTO DE RENDICION DE CUENTAS<\/a><\/p>\n<p><a href=\"https:\/\/gadpueblonuevo.gob.ec\/manabi\/rendicion-de-cuentas-2022\/preguntas-realizadas-por-la-ciudadania\/\" rel=\"attachment wp-att-4266\">PREGUNTAS REALIZADAS POR LA CIUDADANIA<\/a><\/p>\n<p><a href=\"https:\/\/gadpueblonuevo.gob.ec\/manabi\/rendicion-de-cuentas-2022\/oficio-del-consejo-de-planificacion\/\" rel=\"attachment wp-att-4263\">OFICIO DEL CONSEJO DE PLANIFICACI\u00d3N<\/a><\/p>\n<p><a href=\"https:\/\/gadpueblonuevo.gob.ec\/manabi\/rendicion-de-cuentas-2022\/proceso-de-presupuesto-participativo-2022-2\/\" rel=\"attachment wp-att-4261\">PROCESO DE PRESUPUESTO PARTICIPATIVO 2022<\/a><\/p>\n<p><a href=\"https:\/\/gadpueblonuevo.gob.ec\/manabi\/rendicion-de-cuentas-2022\/aprobacion-del-presupuesto-por-el-pleno-del-gad-parroquial\/\" rel=\"attachment wp-att-4257\">APROBACI\u00d3N DEL PRESUPUESTO POR EL PLENO DEL GAD PARROQUIAL<\/a><\/p>\n<p><a href=\"https:\/\/gadpueblonuevo.gob.ec\/manabi\/rendicion-de-cuentas-2022\/rendicion-de-cuentas-gad-2022\/\" rel=\"attachment wp-att-4269\">Rendici\u00f3n de Cuentas GAD 2022<\/a><\/p>\n<p><a href=\"https:\/\/gadpueblonuevo.gob.ec\/manabi\/rendicion-de-cuentas-2022\/respuestas-a-preguntas-ciudadana-2022\/\" rel=\"attachment wp-att-4272\">RESPUESTAS A PREGUNTAS CIUDADANA 2022<\/a><\/p>\n<p><a href=\"https:\/\/gadpueblonuevo.gob.ec\/manabi\/rendicion-de-cuentas-2022\/gestiones-2022\/\" rel=\"attachment wp-att-4271\">GESTIONES 2022<\/a><\/p>\n","protected":false},"excerpt":{"rendered":"<p>OFICIO DE ENTREGA DE DOCUMENTOS AL CONSEJO DE PLANIFICACI\u00d3N ACTAS DE RECOMENDACIONES DE LAS MESAS TEMATICAS FOTOS EVENTO DE DELIBERACI\u00d3N PUBLICA CONVOCATORIA Y ASISTENCIA AL EVENTO DE RENDICION DE CUENTAS PREGUNTAS REALIZADAS POR LA CIUDADANIA OFICIO DEL CONSEJO DE PLANIFICACI\u00d3N PROCESO DE PRESUPUESTO PARTICIPATIVO 2022 APROBACI\u00d3N DEL PRESUPUESTO POR EL PLENO DEL GAD PARROQUIAL Rendici\u00f3n [&hellip;]<\/p>\n","protected":false},"author":4,"featured_media":0,"parent":0,"menu_order":0,"comment_status":"closed","ping_status":"closed","template":"","meta":{"footnotes":""},"yst_prominent_words":[143,108],"class_list":["post-3161","page","type-page","status-publish","hentry"],"_links":{"self":[{"href":"https:\/\/gadpueblonuevo.gob.ec\/manabi\/wp-json\/wp\/v2\/pages\/3161","targetHints":{"allow":["GET"]}}],"collection":[{"href":"https:\/\/gadpueblonuevo.gob.ec\/manabi\/wp-json\/wp\/v2\/pages"}],"about":[{"href":"https:\/\/gadpueblonuevo.gob.ec\/manabi\/wp-json\/wp\/v2\/types\/page"}],"author":[{"embeddable":true,"href":"https:\/\/gadpueblonuevo.gob.ec\/manabi\/wp-json\/wp\/v2\/users\/4"}],"replies":[{"embeddable":true,"href":"https:\/\/gadpueblonuevo.gob.ec\/manabi\/wp-json\/wp\/v2\/comments?post=3161"}],"version-history":[{"count":13,"href":"https:\/\/gadpueblonuevo.gob.ec\/manabi\/wp-json\/wp\/v2\/pages\/3161\/revisions"}],"predecessor-version":[{"id":4281,"href":"https:\/\/gadpueblonuevo.gob.ec\/manabi\/wp-json\/wp\/v2\/pages\/3161\/revisions\/4281"}],"wp:attachment":[{"href":"https:\/\/gadpueblonuevo.gob.ec\/manabi\/wp-json\/wp\/v2\/media?parent=3161"}],"wp:term":[{"taxonomy":"yst_prominent_words","embeddable":true,"href":"https:\/\/gadpueblonuevo.gob.ec\/manabi\/wp-json\/wp\/v2\/yst_prominent_words?post=3161"}],"curies":[{"name":"wp","href":"https:\/\/api.w.org\/{rel}","templated":true}]}}