{"id":2173,"date":"2020-02-14T16:49:54","date_gmt":"2020-02-14T20:49:54","guid":{"rendered":"http:\/\/gadpueblonuevo.gob.ec\/manabi\/?page_id=2173"},"modified":"2021-07-23T13:01:25","modified_gmt":"2021-07-23T17:01:25","slug":"rendicion-de-cuentas-2020","status":"publish","type":"page","link":"https:\/\/gadpueblonuevo.gob.ec\/manabi\/rendicion-de-cuentas-2020\/","title":{"rendered":"Rendici\u00f3n de Cuentas 2020"},"content":{"rendered":"<p><a href=\"https:\/\/gadpueblonuevo.gob.ec\/manabi\/rendicion-de-cuentas-2020\/hoja-de-ruta-ciudadana\/\" rel=\"attachment wp-att-3105\">HOJA DE RUTA CIUDADANA<\/a><\/p>\n<p><a href=\"https:\/\/gadpueblonuevo.gob.ec\/manabi\/rendicion-de-cuentas-2020\/solicitud-y-entrega-de-mapeo-de-actores\/\" rel=\"attachment wp-att-3107\">SOLICITUD Y ENTREGA DE MAPEO DE ACTORES<\/a><\/p>\n<p><a href=\"https:\/\/gadpueblonuevo.gob.ec\/manabi\/rendicion-de-cuentas-2020\/entrega-de-documentos-al-consejo-de-planificacion\/\" rel=\"attachment wp-att-3109\">ENTREGA DE DOCUMENTOS AL CONSEJO DE PLANIFICACION<\/a><\/p>\n<p><a href=\"https:\/\/gadpueblonuevo.gob.ec\/manabi\/rendicion-de-cuentas-2020\/convocatoria-a-conformacion-de-mesas-tematicas\/\" rel=\"attachment wp-att-3111\">CONVOCATORIA A CONFORMACION DE MESAS TEMATICAS<\/a><\/p>\n<p><a href=\"https:\/\/gadpueblonuevo.gob.ec\/manabi\/rendicion-de-cuentas-2020\/asistencia-a-conformacion-de-mesas-tematicas\/\" rel=\"attachment wp-att-3112\">ASISTENCIA A CONFORMACI\u00d3N DE MESAS TEM\u00c1TICAS<\/a><\/p>\n<p><a href=\"https:\/\/gadpueblonuevo.gob.ec\/manabi\/rendicion-de-cuentas-2020\/entrega-de-preguntas-y-oficio-de-respuesta\/\" rel=\"attachment wp-att-3114\">ENTREGA DE PREGUNTAS Y OFICIO DE RESPUESTA<\/a><\/p>\n<p><a href=\"https:\/\/gadpueblonuevo.gob.ec\/manabi\/rendicion-de-cuentas-2020\/entrega-de-invitaciones-a-evento-de-rendicion-de-cuentas\/\" rel=\"attachment wp-att-3124\">ENTREGA DE INVITACIONES A EVENTO DE RENDICI\u00d3N DE CUENTAS<\/a><\/p>\n<p><a href=\"https:\/\/gadpueblonuevo.gob.ec\/manabi\/rendicion-de-cuentas-2020\/cpscs-2020\/\" rel=\"attachment wp-att-3116\">CPSCS 2020<\/a><\/p>\n<p><a href=\"https:\/\/gadpueblonuevo.gob.ec\/manabi\/rendicion-de-cuentas-2020\/gestiones-2020\/\" rel=\"attachment wp-att-3117\">GESTIONES 2020<\/a><\/p>\n<p><a href=\"https:\/\/gadpueblonuevo.gob.ec\/manabi\/rendicion-de-cuentas-2020\/rendicion-de-cuentas-gad-2020\/\" rel=\"attachment wp-att-3120\">Rendicion de Cuentas GAD 2020<\/a><\/p>\n<p><a href=\"https:\/\/gadpueblonuevo.gob.ec\/manabi\/rendicion-de-cuentas-2020\/asistentes-al-evento-de-rendicion-de-cuentas\/\" rel=\"attachment wp-att-3122\">ASISTENTES AL EVENTO DE RENDICI\u00d3N DE CUENTAS<\/a><\/p>\n<p><a href=\"https:\/\/gadpueblonuevo.gob.ec\/manabi\/rendicion-de-cuentas-2020\/orden-del-dia-3\/\" rel=\"attachment wp-att-3118\">ORDEN DEL D\u00cdA<\/a><\/p>\n<p><a href=\"https:\/\/gadpueblonuevo.gob.ec\/manabi\/rendicion-de-cuentas-2020\/recomendaciones-de-las-mesas-tematicas\/\" rel=\"attachment wp-att-3119\">RECOMENDACIONES DE LAS MESAS TEM\u00c1TICAS<\/a><\/p>\n<p><a href=\"https:\/\/gadpueblonuevo.gob.ec\/manabi\/rendicion-de-cuentas-2020\/reporteinformegad-2020\/\" rel=\"attachment wp-att-3126\">ReporteInformeGad 2020<\/a><\/p>\n<p><a href=\"https:\/\/gadpueblonuevo.gob.ec\/manabi\/rendicion-de-cuentas-2020\/certificado\/\" rel=\"attachment wp-att-3127\">certificado<\/a><\/p>\n<p>&nbsp;<\/p>\n","protected":false},"excerpt":{"rendered":"<p>HOJA DE RUTA CIUDADANA SOLICITUD Y ENTREGA DE MAPEO DE ACTORES ENTREGA DE DOCUMENTOS AL CONSEJO DE PLANIFICACION CONVOCATORIA A CONFORMACION DE MESAS TEMATICAS ASISTENCIA A CONFORMACI\u00d3N DE MESAS TEM\u00c1TICAS ENTREGA DE PREGUNTAS Y OFICIO DE RESPUESTA ENTREGA DE INVITACIONES A EVENTO DE RENDICI\u00d3N DE CUENTAS CPSCS 2020 GESTIONES 2020 Rendicion de Cuentas GAD 2020 [&hellip;]<\/p>\n","protected":false},"author":4,"featured_media":0,"parent":0,"menu_order":0,"comment_status":"closed","ping_status":"closed","template":"","meta":{"footnotes":""},"yst_prominent_words":[143,142,140],"class_list":["post-2173","page","type-page","status-publish","hentry"],"_links":{"self":[{"href":"https:\/\/gadpueblonuevo.gob.ec\/manabi\/wp-json\/wp\/v2\/pages\/2173","targetHints":{"allow":["GET"]}}],"collection":[{"href":"https:\/\/gadpueblonuevo.gob.ec\/manabi\/wp-json\/wp\/v2\/pages"}],"about":[{"href":"https:\/\/gadpueblonuevo.gob.ec\/manabi\/wp-json\/wp\/v2\/types\/page"}],"author":[{"embeddable":true,"href":"https:\/\/gadpueblonuevo.gob.ec\/manabi\/wp-json\/wp\/v2\/users\/4"}],"replies":[{"embeddable":true,"href":"https:\/\/gadpueblonuevo.gob.ec\/manabi\/wp-json\/wp\/v2\/comments?post=2173"}],"version-history":[{"count":7,"href":"https:\/\/gadpueblonuevo.gob.ec\/manabi\/wp-json\/wp\/v2\/pages\/2173\/revisions"}],"predecessor-version":[{"id":3128,"href":"https:\/\/gadpueblonuevo.gob.ec\/manabi\/wp-json\/wp\/v2\/pages\/2173\/revisions\/3128"}],"wp:attachment":[{"href":"https:\/\/gadpueblonuevo.gob.ec\/manabi\/wp-json\/wp\/v2\/media?parent=2173"}],"wp:term":[{"taxonomy":"yst_prominent_words","embeddable":true,"href":"https:\/\/gadpueblonuevo.gob.ec\/manabi\/wp-json\/wp\/v2\/yst_prominent_words?post=2173"}],"curies":[{"name":"wp","href":"https:\/\/api.w.org\/{rel}","templated":true}]}}