{"id":1640,"date":"2019-02-11T11:14:22","date_gmt":"2019-02-11T15:14:22","guid":{"rendered":"http:\/\/gadpueblonuevo.gob.ec\/manabi\/?page_id=1640"},"modified":"2021-03-17T19:34:55","modified_gmt":"2021-03-17T23:34:55","slug":"rendicion-de-cuentas-2019","status":"publish","type":"page","link":"https:\/\/gadpueblonuevo.gob.ec\/manabi\/rendicion-de-cuentas-2019\/","title":{"rendered":"Rendici\u00f3n de Cuentas 2019"},"content":{"rendered":"<p><a href=\"https:\/\/gadpueblonuevo.gob.ec\/manabi\/rendicion-de-cuentas-2019\/planificacion-y-capacitacion-del-proceso-de-rendicion-de-cuentas\/\" rel=\"attachment wp-att-2681\">PLANIFICACION Y CAPACITACION DEL PROCESO DE RENDICION DE CUENTAS<\/a><\/p>\n<p><a href=\"https:\/\/gadpueblonuevo.gob.ec\/manabi\/rendicion-de-cuentas-2019\/hoja-de-ruta\/\" rel=\"attachment wp-att-2684\">HOJA DE RUTA<\/a><\/p>\n<p><a href=\"https:\/\/gadpueblonuevo.gob.ec\/manabi\/wp-content\/uploads\/2021\/02\/SOLICITUD_Y_ENTREGA_DE_DOCUMENTOS_A_LA_ASAMBLEA_LOCAL_CIUDADANA.pdf\">SOLICITUD_Y_ENTREGA_DE_DOCUMENTOS_A_LA_ASAMBLEA_LOCAL_CIUDADANA<\/a><\/p>\n<p><a href=\"https:\/\/gadpueblonuevo.gob.ec\/manabi\/rendicion-de-cuentas-2019\/consulta-ciudadana\/\" rel=\"attachment wp-att-2689\">CONSULTA CIUDADANA<\/a><\/p>\n<p><a href=\"https:\/\/gadpueblonuevo.gob.ec\/manabi\/rendicion-de-cuentas-2019\/oficio-de-respuesta-de-las-preguntas-gestiones-e-inversiones-del-gad-2019\/\" rel=\"attachment wp-att-2695\">OFICIO DE RESPUESTA DE LAS PREGUNTAS, GESTIONES E INVERSIONES DEL GAD 2019<\/a><\/p>\n<p><a href=\"https:\/\/gadpueblonuevo.gob.ec\/manabi\/rendicion-de-cuentas-2019\/cpscs-2019\/\" rel=\"attachment wp-att-2703\">CPSCS 2019<\/a><\/p>\n<p><a href=\"https:\/\/gadpueblonuevo.gob.ec\/manabi\/rendicion-de-cuentas-2019\/gestiones-2019\/\" rel=\"attachment wp-att-2704\">GESTIONES 2019<\/a><\/p>\n<p><a href=\"https:\/\/gadpueblonuevo.gob.ec\/manabi\/rendicion-de-cuentas-2019\/rendicion-de-cuentas-gad-2019\/\" rel=\"attachment wp-att-2706\">Rendici\u00f3n de Cuentas GAD 2019<\/a><\/p>\n<p><a href=\"https:\/\/gadpueblonuevo.gob.ec\/manabi\/rendicion-de-cuentas-2019\/orden-del-dia-de-rendicion-de-cuentas-del-gad-parroquial-rural-pueblo-nuevo-2019\/\" rel=\"attachment wp-att-2708\">ORDEN DEL D\u00cdA DE RENDICI\u00d3N DE CUENTAS DEL GAD PARROQUIAL RURAL PUEBLO NUEVO 2019<\/a><\/p>\n<p><a href=\"https:\/\/gadpueblonuevo.gob.ec\/manabi\/rendicion-de-cuentas-2019\/deliberacion-publica\/\" rel=\"attachment wp-att-2696\">DELIBERACI\u00d3N PUBLICA<\/a><\/p>\n<p><a href=\"https:\/\/gadpueblonuevo.gob.ec\/manabi\/rendicion-de-cuentas-2019\/informe-finalizado-de-rendicion-de-cuentas\/\" rel=\"attachment wp-att-2705\">INFORME FINALIZADO DE RENDICION DE CUENTAS\u00a0<\/a><\/p>\n<p><a href=\"https:\/\/gadpueblonuevo.gob.ec\/manabi\/rendicion-de-cuentas-2019\/cumplimiento-del-informe-anual-lotaip\/\" rel=\"attachment wp-att-2772\">CUMPLIMIENTO DEL INFORME ANUAL LOTAIP<\/a><\/p>\n","protected":false},"excerpt":{"rendered":"<p>PLANIFICACION Y CAPACITACION DEL PROCESO DE RENDICION DE CUENTAS HOJA DE RUTA SOLICITUD_Y_ENTREGA_DE_DOCUMENTOS_A_LA_ASAMBLEA_LOCAL_CIUDADANA CONSULTA CIUDADANA OFICIO DE RESPUESTA DE LAS PREGUNTAS, GESTIONES E INVERSIONES DEL GAD 2019 CPSCS 2019 GESTIONES 2019 Rendici\u00f3n de Cuentas GAD 2019 ORDEN DEL D\u00cdA DE RENDICI\u00d3N DE CUENTAS DEL GAD PARROQUIAL RURAL PUEBLO NUEVO 2019 DELIBERACI\u00d3N PUBLICA INFORME FINALIZADO DE [&hellip;]<\/p>\n","protected":false},"author":4,"featured_media":0,"parent":0,"menu_order":0,"comment_status":"closed","ping_status":"closed","template":"","meta":{"footnotes":""},"yst_prominent_words":[138,143,108,141,139,169,142,140],"class_list":["post-1640","page","type-page","status-publish","hentry"],"_links":{"self":[{"href":"https:\/\/gadpueblonuevo.gob.ec\/manabi\/wp-json\/wp\/v2\/pages\/1640","targetHints":{"allow":["GET"]}}],"collection":[{"href":"https:\/\/gadpueblonuevo.gob.ec\/manabi\/wp-json\/wp\/v2\/pages"}],"about":[{"href":"https:\/\/gadpueblonuevo.gob.ec\/manabi\/wp-json\/wp\/v2\/types\/page"}],"author":[{"embeddable":true,"href":"https:\/\/gadpueblonuevo.gob.ec\/manabi\/wp-json\/wp\/v2\/users\/4"}],"replies":[{"embeddable":true,"href":"https:\/\/gadpueblonuevo.gob.ec\/manabi\/wp-json\/wp\/v2\/comments?post=1640"}],"version-history":[{"count":14,"href":"https:\/\/gadpueblonuevo.gob.ec\/manabi\/wp-json\/wp\/v2\/pages\/1640\/revisions"}],"predecessor-version":[{"id":2773,"href":"https:\/\/gadpueblonuevo.gob.ec\/manabi\/wp-json\/wp\/v2\/pages\/1640\/revisions\/2773"}],"wp:attachment":[{"href":"https:\/\/gadpueblonuevo.gob.ec\/manabi\/wp-json\/wp\/v2\/media?parent=1640"}],"wp:term":[{"taxonomy":"yst_prominent_words","embeddable":true,"href":"https:\/\/gadpueblonuevo.gob.ec\/manabi\/wp-json\/wp\/v2\/yst_prominent_words?post=1640"}],"curies":[{"name":"wp","href":"https:\/\/api.w.org\/{rel}","templated":true}]}}